{"id":30,"date":"2020-07-29T22:33:01","date_gmt":"2020-07-29T22:33:01","guid":{"rendered":"http:\/\/chore-art.com\/?page_id=30"},"modified":"2026-03-19T09:32:10","modified_gmt":"2026-03-19T09:32:10","slug":"site-en-construction","status":"publish","type":"page","link":"https:\/\/chore-art.com\/home\/","title":{"rendered":"BIENVENUE !"},"content":{"rendered":"<p><div class=\"fusion-fullwidth fullwidth-box fusion-builder-row-1 fusion-flex-container nonhundred-percent-fullwidth non-hundred-percent-height-scrolling\" style=\"background-color: rgba(255,255,255,0);background-position: center center;background-repeat: no-repeat;border-width: 0px 0px 0px 0px;border-color:#f7f7f7;border-style:solid;\" ><div class=\"fusion-builder-row fusion-row fusion-flex-align-items-flex-start\" style=\"max-width:1216.8px;margin-left: calc(-4% \/ 2 );margin-right: calc(-4% \/ 2 );\"><div class=\"fusion-layout-column fusion_builder_column fusion-builder-column-0 fusion_builder_column_1_1 1_1 fusion-flex-column\"><div class=\"fusion-column-wrapper fusion-flex-justify-content-flex-start fusion-content-layout-column\" style=\"background-position:left top;background-repeat:no-repeat;-webkit-background-size:cover;-moz-background-size:cover;-o-background-size:cover;background-size:cover;padding: 0px 0px 0px 0px;\"><div class=\"fusion-alert alert custom alert-custom fusion-alert-center fusion-alert-capitalize fusion-animated\" style=\"background-color:#ffdead;border-width:1px;\" data-animationType=\"flash\" data-animationDuration=\"0.3\" data-animationOffset=\"100%\"><div class=\"fusion-alert-content-wrapper\"><span class=\"alert-icon\"><i class=\"fa-lg fa-star fas\" aria-hidden=\"true\"><\/i><\/span><span class=\"fusion-alert-content\"><p><strong><span style=\"font-size: 12pt; font-family: arial, helvetica, sans-serif; color: #000000;\">SAVE THE DATE\u00a0<\/span><\/strong><\/p>\n<p><span style=\"font-size: 12pt; font-family: arial, helvetica, sans-serif; color: #000000;\">Retrouvez notre prochain spectacle aux Fuseaux avec les \u00e9l\u00e8ves de l&#8217;\u00e9cole de danse Marchand-Chr\u00e9tien les<strong> vendredi 5<\/strong> et <strong>samedi 6 juin 2026<\/strong> !<\/span><\/p><\/span><\/div><\/div><div class=\"fusion-text fusion-text-1\"><\/div><div class=\"fusion-text fusion-text-2\"><p style=\"text-align: center;\"><span style=\"font-size: 18pt; font-family: arial, helvetica, sans-serif;\">Bienvenue sur le site de l\u2019association CHOR\u00c9-ART !<\/span><\/p>\n<p style=\"text-align: left;\"><span style=\"font-family: arial, helvetica, sans-serif;\">Venez d\u00e9couvrir les cours, spectacles et \u00e9v\u00e9nements organis\u00e9s par notre association en partenariat avec l\u2019<em><span style=\"color: #000080;\"><a style=\"color: #000080;\" href=\"https:\/\/ecole-danse.org\/\" target=\"_blank\" rel=\"noopener noreferrer\"><u>\u00e9cole de danse Marchand-Chr\u00e9tien<\/u> <\/a><\/span><\/em>!<\/span><\/p>\n<p style=\"text-align: left;\"><span style=\"font-family: arial, helvetica, sans-serif;\">Pour toutes questions, n&#8217;h\u00e9sitez pas \u00e0 nous contacter au <span role=\"link\" aria-label=\"Appeler le 03 25 05 22 72\"><strong>03 25 05 22 72<\/strong>.<\/span><\/span><\/p>\n<p style=\"text-align: left;\"><span style=\"font-family: arial, helvetica, sans-serif;\" role=\"link\" aria-label=\"Appeler le 03 25 05 22 72\">\u00a0<\/span><\/p>\n<\/div><div class=\"fusion-text fusion-text-3\"><p><span style=\"font-family: arial, helvetica, sans-serif;\">Nos partenaires :<\/span><\/p>\n<\/div><\/div><\/div><style type=\"text\/css\">.fusion-body .fusion-builder-column-0{width:100% !important;margin-top : 15px;margin-bottom : 15px;}.fusion-builder-column-0 > .fusion-column-wrapper {padding-top : 0px !important;padding-right : 0px !important;margin-right : 1.92%;padding-bottom : 0px !important;padding-left : 0px !important;margin-left : 1.92%;}@media only screen and (max-width:1000px) {.fusion-body .fusion-builder-column-0{width:100% !important;order : 0;}.fusion-builder-column-0 > .fusion-column-wrapper {margin-right : 1.92%;margin-left : 1.92%;}}@media only screen and (max-width:640px) {.fusion-body .fusion-builder-column-0{width:100% !important;order : 0;}.fusion-builder-column-0 > .fusion-column-wrapper {margin-right : 1.92%;margin-left : 1.92%;}}<\/style><\/div><style type=\"text\/css\">.fusion-body .fusion-flex-container.fusion-builder-row-1{ padding-top : 0px;margin-top : 0px;padding-right : 0px;padding-bottom : 0px;margin-bottom : 0px;padding-left : 0px;}<\/style><\/div><div class=\"fusion-fullwidth fullwidth-box fusion-builder-row-2 fusion-flex-container nonhundred-percent-fullwidth non-hundred-percent-height-scrolling\" style=\"background-color: rgba(255,255,255,0);background-position: center center;background-repeat: no-repeat;border-width: 0px 0px 0px 0px;border-color:#f7f7f7;border-style:solid;\" ><div class=\"fusion-builder-row fusion-row fusion-flex-align-items-flex-start\" style=\"max-width:1216.8px;margin-left: calc(-4% \/ 2 );margin-right: calc(-4% \/ 2 );\"><div class=\"fusion-layout-column fusion_builder_column fusion-builder-column-1 fusion_builder_column_1_3 1_3 fusion-flex-column\"><div class=\"fusion-column-wrapper fusion-flex-justify-content-flex-start fusion-content-layout-column\" style=\"background-position:left top;background-repeat:no-repeat;-webkit-background-size:cover;-moz-background-size:cover;-o-background-size:cover;background-size:cover;padding: 0px 0px 0px 0px;\"><div class=\" sm-text-align-center\"><span class=\" fusion-imageframe imageframe-none imageframe-1 hover-type-none\"><a class=\"fusion-no-lightbox\" href=\"https:\/\/jemengage.saint-dizier.fr\/organizations\/chore-art\" target=\"_self\" aria-label=\"ville-sd\"><img decoding=\"async\" width=\"300\" image_height=\"108\" image_id=\"1295\" src=\"https:\/\/chore-art.com\/wp-content\/uploads\/2020\/08\/ville-sd.jpg\" data-orig-src=\"http:\/\/chore-art.com\/wp-content\/uploads\/2020\/08\/ville-sd-300x108.jpg\" class=\"lazyload img-responsive wp-image-1295\" srcset=\"data:image\/svg+xml,%3Csvg%20xmlns%3D%27http%3A%2F%2Fwww.w3.org%2F2000%2Fsvg%27%20width%3D%27720%27%20height%3D%27259%27%20viewBox%3D%270%200%20720%20259%27%3E%3Crect%20width%3D%27720%27%20height%3D%273259%27%20fill-opacity%3D%220%22%2F%3E%3C%2Fsvg%3E\" data-srcset=\"https:\/\/chore-art.com\/wp-content\/uploads\/2020\/08\/ville-sd-200x72.jpg 200w, https:\/\/chore-art.com\/wp-content\/uploads\/2020\/08\/ville-sd-400x144.jpg 400w, https:\/\/chore-art.com\/wp-content\/uploads\/2020\/08\/ville-sd-600x216.jpg 600w, https:\/\/chore-art.com\/wp-content\/uploads\/2020\/08\/ville-sd.jpg 720w\" data-sizes=\"auto\" data-orig-sizes=\"(max-width: 1000px) 100vw, (max-width: 640px) 100vw, 400px\" \/><\/a><\/span><\/div><div class=\" sm-text-align-center\"><span class=\" fusion-imageframe imageframe-none imageframe-2 hover-type-none\"><a class=\"fusion-no-lightbox\" href=\"https:\/\/jemengage.saint-dizier.fr\/organizations\/chore-art\" target=\"_self\" aria-label=\"logo agglo\"><img decoding=\"async\" width=\"300\" image_height=\"168\" image_id=\"1296\" src=\"https:\/\/chore-art.com\/wp-content\/uploads\/2020\/08\/logo-agglo.png\" data-orig-src=\"http:\/\/chore-art.com\/wp-content\/uploads\/2020\/08\/logo-agglo.png\" class=\"lazyload img-responsive wp-image-1296\" srcset=\"data:image\/svg+xml,%3Csvg%20xmlns%3D%27http%3A%2F%2Fwww.w3.org%2F2000%2Fsvg%27%20width%3D%27300%27%20height%3D%27168%27%20viewBox%3D%270%200%20300%20168%27%3E%3Crect%20width%3D%27300%27%20height%3D%273168%27%20fill-opacity%3D%220%22%2F%3E%3C%2Fsvg%3E\" data-srcset=\"https:\/\/chore-art.com\/wp-content\/uploads\/2020\/08\/logo-agglo-200x112.png 200w, https:\/\/chore-art.com\/wp-content\/uploads\/2020\/08\/logo-agglo.png 300w\" data-sizes=\"auto\" data-orig-sizes=\"(max-width: 1000px) 100vw, (max-width: 640px) 100vw, 300px\" \/><\/a><\/span><\/div><\/div><\/div><style type=\"text\/css\">.fusion-body .fusion-builder-column-1{width:33.333333333333% !important;margin-top : 15px;margin-bottom : 15px;}.fusion-builder-column-1 > .fusion-column-wrapper {padding-top : 0px !important;padding-right : 0px !important;margin-right : 5.76%;padding-bottom : 0px !important;padding-left : 0px !important;margin-left : 5.76%;}@media only screen and (max-width:1000px) {.fusion-body .fusion-builder-column-1{width:100% !important;order : 0;}.fusion-builder-column-1 > .fusion-column-wrapper {margin-right : 1.92%;margin-left : 1.92%;}}@media only screen and (max-width:640px) {.fusion-body .fusion-builder-column-1{width:100% !important;order : 0;}.fusion-builder-column-1 > .fusion-column-wrapper {margin-right : 1.92%;margin-left : 1.92%;}}<\/style><div class=\"fusion-layout-column fusion_builder_column fusion-builder-column-2 fusion_builder_column_1_3 1_3 fusion-flex-column\"><div class=\"fusion-column-wrapper fusion-flex-justify-content-flex-start fusion-content-layout-column\" style=\"background-position:left top;background-repeat:no-repeat;-webkit-background-size:cover;-moz-background-size:cover;-o-background-size:cover;background-size:cover;padding: 0px 0px 0px 0px;\"><div style=\"text-align:center;\"><span class=\" fusion-imageframe imageframe-none imageframe-3 hover-type-none\"><a class=\"fusion-no-lightbox\" href=\"https:\/\/www.artsvivants52.org\/\" target=\"_self\" aria-label=\"ARTS VIVANTS 52\"><img decoding=\"async\" width=\"225\" image_height=\"225\" image_id=\"1286\" src=\"https:\/\/chore-art.com\/wp-content\/uploads\/2020\/08\/ARTS-VIVANTS-52.jpg\" data-orig-src=\"http:\/\/chore-art.com\/wp-content\/uploads\/2020\/08\/ARTS-VIVANTS-52.jpg\" class=\"lazyload img-responsive wp-image-1286\" srcset=\"data:image\/svg+xml,%3Csvg%20xmlns%3D%27http%3A%2F%2Fwww.w3.org%2F2000%2Fsvg%27%20width%3D%27225%27%20height%3D%27225%27%20viewBox%3D%270%200%20225%20225%27%3E%3Crect%20width%3D%27225%27%20height%3D%273225%27%20fill-opacity%3D%220%22%2F%3E%3C%2Fsvg%3E\" data-srcset=\"https:\/\/chore-art.com\/wp-content\/uploads\/2020\/08\/ARTS-VIVANTS-52-200x200.jpg 200w, https:\/\/chore-art.com\/wp-content\/uploads\/2020\/08\/ARTS-VIVANTS-52.jpg 225w\" data-sizes=\"auto\" data-orig-sizes=\"(max-width: 1000px) 100vw, (max-width: 640px) 100vw, 225px\" \/><\/a><\/span><\/div><\/div><\/div><style type=\"text\/css\">.fusion-body .fusion-builder-column-2{width:33.333333333333% !important;margin-top : 15px;margin-bottom : 15px;}.fusion-builder-column-2 > .fusion-column-wrapper {padding-top : 0px !important;padding-right : 0px !important;margin-right : 5.76%;padding-bottom : 0px !important;padding-left : 0px !important;margin-left : 5.76%;}@media only screen and (max-width:1000px) {.fusion-body .fusion-builder-column-2{width:100% !important;order : 0;}.fusion-builder-column-2 > .fusion-column-wrapper {margin-right : 1.92%;margin-left : 1.92%;}}@media only screen and (max-width:640px) {.fusion-body .fusion-builder-column-2{width:100% !important;order : 0;}.fusion-builder-column-2 > .fusion-column-wrapper {margin-right : 1.92%;margin-left : 1.92%;}}<\/style><div class=\"fusion-layout-column fusion_builder_column fusion-builder-column-3 fusion_builder_column_1_3 1_3 fusion-flex-column\"><div class=\"fusion-column-wrapper fusion-flex-justify-content-flex-start fusion-content-layout-column\" style=\"background-position:left top;background-repeat:no-repeat;-webkit-background-size:cover;-moz-background-size:cover;-o-background-size:cover;background-size:cover;padding: 0px 0px 0px 0px;\"><div class=\" sm-text-align-center\"><span class=\" fusion-imageframe imageframe-none imageframe-4 hover-type-none\"><a class=\"fusion-no-lightbox\" href=\"https:\/\/ecole-danse.org\/\" target=\"_self\" aria-label=\"LOGO ECOLE DE DANSE\"><img decoding=\"async\" width=\"248\" image_height=\"253\" image_id=\"1293\" src=\"https:\/\/chore-art.com\/wp-content\/uploads\/2020\/08\/LOGO-ECOLE-DE-DANSE.jpg\" data-orig-src=\"http:\/\/chore-art.com\/wp-content\/uploads\/2020\/08\/LOGO-ECOLE-DE-DANSE.jpg\" class=\"lazyload img-responsive wp-image-1293\" srcset=\"data:image\/svg+xml,%3Csvg%20xmlns%3D%27http%3A%2F%2Fwww.w3.org%2F2000%2Fsvg%27%20width%3D%27248%27%20height%3D%27253%27%20viewBox%3D%270%200%20248%20253%27%3E%3Crect%20width%3D%27248%27%20height%3D%273253%27%20fill-opacity%3D%220%22%2F%3E%3C%2Fsvg%3E\" data-srcset=\"https:\/\/chore-art.com\/wp-content\/uploads\/2020\/08\/LOGO-ECOLE-DE-DANSE-200x204.jpg 200w, https:\/\/chore-art.com\/wp-content\/uploads\/2020\/08\/LOGO-ECOLE-DE-DANSE.jpg 248w\" data-sizes=\"auto\" data-orig-sizes=\"(max-width: 1000px) 100vw, (max-width: 640px) 100vw, 248px\" \/><\/a><\/span><\/div><\/div><\/div><style type=\"text\/css\">.fusion-body .fusion-builder-column-3{width:33.333333333333% !important;margin-top : 15px;margin-bottom : 15px;}.fusion-builder-column-3 > .fusion-column-wrapper {padding-top : 0px !important;padding-right : 0px !important;margin-right : 5.76%;padding-bottom : 0px !important;padding-left : 0px !important;margin-left : 5.76%;}@media only screen and (max-width:1000px) {.fusion-body .fusion-builder-column-3{width:100% !important;order : 0;}.fusion-builder-column-3 > .fusion-column-wrapper {margin-right : 1.92%;margin-left : 1.92%;}}@media only screen and (max-width:640px) {.fusion-body .fusion-builder-column-3{width:100% !important;order : 0;}.fusion-builder-column-3 > .fusion-column-wrapper {margin-right : 1.92%;margin-left : 1.92%;}}<\/style><\/div><style type=\"text\/css\">.fusion-body .fusion-flex-container.fusion-builder-row-2{ padding-top : 0px;margin-top : 0px;padding-right : 0px;padding-bottom : 0px;margin-bottom : 0px;padding-left : 0px;}<\/style><\/div><\/p>\n","protected":false},"excerpt":{"rendered":"","protected":false},"author":1,"featured_media":1510,"parent":0,"menu_order":0,"comment_status":"closed","ping_status":"closed","template":"","meta":{"footnotes":""},"class_list":["post-30","page","type-page","status-publish","has-post-thumbnail","hentry"],"_links":{"self":[{"href":"https:\/\/chore-art.com\/home\/wp-json\/wp\/v2\/pages\/30","targetHints":{"allow":["GET"]}}],"collection":[{"href":"https:\/\/chore-art.com\/home\/wp-json\/wp\/v2\/pages"}],"about":[{"href":"https:\/\/chore-art.com\/home\/wp-json\/wp\/v2\/types\/page"}],"author":[{"embeddable":true,"href":"https:\/\/chore-art.com\/home\/wp-json\/wp\/v2\/users\/1"}],"replies":[{"embeddable":true,"href":"https:\/\/chore-art.com\/home\/wp-json\/wp\/v2\/comments?post=30"}],"version-history":[{"count":50,"href":"https:\/\/chore-art.com\/home\/wp-json\/wp\/v2\/pages\/30\/revisions"}],"predecessor-version":[{"id":1876,"href":"https:\/\/chore-art.com\/home\/wp-json\/wp\/v2\/pages\/30\/revisions\/1876"}],"wp:featuredmedia":[{"embeddable":true,"href":"https:\/\/chore-art.com\/home\/wp-json\/wp\/v2\/media\/1510"}],"wp:attachment":[{"href":"https:\/\/chore-art.com\/home\/wp-json\/wp\/v2\/media?parent=30"}],"curies":[{"name":"wp","href":"https:\/\/api.w.org\/{rel}","templated":true}]}}