{"id":1193,"date":"2020-09-06T17:35:26","date_gmt":"2020-09-06T17:35:26","guid":{"rendered":"http:\/\/chore-art.com\/home\/?page_id=1193"},"modified":"2026-03-16T20:28:48","modified_gmt":"2026-03-16T20:28:48","slug":"spectacles","status":"publish","type":"page","link":"http:\/\/chore-art.com\/home\/spectacles","title":{"rendered":"SPECTACLES"},"content":{"rendered":"<div class=\"fusion-fullwidth fullwidth-box fusion-builder-row-1 fusion-flex-container nonhundred-percent-fullwidth non-hundred-percent-height-scrolling\" style=\"background-color: rgba(255,255,255,0);background-position: center center;background-repeat: no-repeat;border-width: 0px 0px 0px 0px;border-color:#f7f7f7;border-style:solid;\" ><div class=\"fusion-builder-row fusion-row fusion-flex-align-items-flex-start\" style=\"max-width:calc( 1170px + 0px );margin-left: calc(-0px \/ 2 );margin-right: calc(-0px \/ 2 );\"><div class=\"fusion-layout-column fusion_builder_column fusion-builder-column-0 fusion_builder_column_1_1 1_1 fusion-flex-column\"><div class=\"fusion-column-wrapper fusion-flex-justify-content-flex-start fusion-content-layout-column\" style=\"background-position:left top;background-repeat:no-repeat;-webkit-background-size:cover;-moz-background-size:cover;-o-background-size:cover;background-size:cover;padding: 0px 0px 0px 0px;\"><div class=\"fusion-text fusion-text-1\"><p><span style=\"font-family: arial, helvetica, sans-serif;\">Tous les 2 ans depuis sa cr\u00e9ation, CHOR\u00c9-ART \u00e9crit un spectacle in\u00e9dit mettant en sc\u00e8ne les \u00e9l\u00e8ves de l\u2019<em><a style=\"text-decoration-line: underline;\" href=\"https:\/\/ecole-danse.org\/\" target=\"_blank\" rel=\"noopener noreferrer\">\u00e9cole de danse Marchand-Chr\u00e9tien<\/a>.<\/em><\/span><\/p>\n<p><span style=\"font-family: arial, helvetica, sans-serif;\">La diversit\u00e9 des th\u00e8mes, l\u2019inventivit\u00e9 des chor\u00e9graphies, le travail rigoureux des b\u00e9n\u00e9voles et amis autour d\u2019ateliers costumes et d\u00e9cors ainsi que les effets visuels et sonores en font des moments inoubliables pour les danseurs\/danseuses, petits et grands et pour le public toujours fid\u00e8le !<\/span><\/p>\n<p><span style=\"font-family: arial, helvetica, sans-serif;\"><b>Retrouvez une s\u00e9lection de nos \u00ab instants vol\u00e9s \u00bb et des articles de presse des pr\u00e9c\u00e9dents spectacles dans les liens ci-dessous<\/b> :<\/span><\/p>\n<p><span style=\"font-family: arial, helvetica, sans-serif;\">2024 &#8211; <em><a href=\"https:\/\/chore-art.com\/home\/soiree-popcorn\">Soir\u00e9e Popcorn<\/a><\/em><\/span><\/p>\n<p><span style=\"font-family: arial, helvetica, sans-serif;\">2022 &#8211;<i> <a href=\"http:\/\/chore-art.com\/home\/une-bouteille-a-la-marne\">Une Bouteille \u00e0 la Marne<\/a><\/i><\/span><\/p>\n<p><span style=\"font-family: arial, helvetica, sans-serif;\">2019 \u2013 <i><a href=\"http:\/\/chore-art.com\/home\/vacances-de-reve\" rel=\"noopener noreferrer\">Vacances de r\u00eave<\/a><\/i><\/span><\/p>\n<p><span style=\"font-family: arial, helvetica, sans-serif;\">2017 \u2013 <a href=\"http:\/\/chore-art.com\/home\/spectacle-50eme-anniversaire\" rel=\"noopener noreferrer\"><i>Spectacle 50<sup>\u00e8me<\/sup> anniversaire<\/i><\/a><\/span><\/p>\n<p><span style=\"font-family: arial, helvetica, sans-serif;\">2015 \u2013<em> <a href=\"http:\/\/chore-art.com\/home\/les-ballerines-rouges\">Les Ballerines Rouges<\/a><\/em><\/span><\/p>\n<p><span style=\"font-family: arial, helvetica, sans-serif;\">2013 \u2013 <em><a href=\"http:\/\/chore-art.com\/home\/la-b-danse\">La B-Danse<\/a><\/em><\/span><\/p>\n<p><span style=\"font-family: arial, helvetica, sans-serif;\">2011 \u2013 <a href=\"http:\/\/chore-art.com\/home\/monts-et-merveilles\"><em>Monts et Merveilles<\/em><\/a><\/span><\/p>\n<p><span style=\"font-family: arial, helvetica, sans-serif;\">2009 \u2013 Le Monde Enchant\u00e9 de Lin<\/span><\/p>\n<p><span style=\"font-family: arial, helvetica, sans-serif;\">2007 \u2013 <em><a href=\"http:\/\/chore-art.com\/home\/lettres-bragardes\">Lettres Bragardes<\/a><\/em><\/span><\/p>\n<p><span style=\"font-family: arial, helvetica, sans-serif;\">2005 \u2013 Danses autour du Monde<\/span><\/p>\n<p><span style=\"font-family: arial, helvetica, sans-serif;\">2003 \u2013 Paris<\/span><\/p>\n<p><span style=\"font-family: arial, helvetica, sans-serif;\">2001 \u2013 Spectacle de danse avec l&#8217;Ensemble Philharmonique de Saint-Dizier<\/span><\/p>\n<p><span style=\"font-family: arial, helvetica, sans-serif;\">1999 \u2013 Gala de danse<\/span><\/p>\n<\/div><\/div><\/div><style type=\"text\/css\">.fusion-body .fusion-builder-column-0{width:100% !important;margin-top : 0px;margin-bottom : 0px;}.fusion-builder-column-0 > .fusion-column-wrapper {padding-top : 0px !important;padding-right : 0px !important;margin-right : 0px;padding-bottom : 0px !important;padding-left : 0px !important;margin-left : 0px;}@media only screen and (max-width:1000px) {.fusion-body .fusion-builder-column-0{width:100% !important;}.fusion-builder-column-0 > .fusion-column-wrapper {margin-right : 0px;margin-left : 0px;}}@media only screen and (max-width:640px) {.fusion-body .fusion-builder-column-0{width:100% !important;}.fusion-builder-column-0 > .fusion-column-wrapper {margin-right : 0px;margin-left : 0px;}}<\/style><\/div><style type=\"text\/css\">.fusion-body .fusion-flex-container.fusion-builder-row-1{ padding-top : 0px;margin-top : 0px;padding-right : 0px;padding-bottom : 0px;margin-bottom : 0px;padding-left : 0px;}<\/style><\/div>\n","protected":false},"excerpt":{"rendered":"","protected":false},"author":1,"featured_media":25,"parent":0,"menu_order":0,"comment_status":"closed","ping_status":"closed","template":"","meta":{"footnotes":""},"class_list":["post-1193","page","type-page","status-publish","has-post-thumbnail","hentry"],"_links":{"self":[{"href":"http:\/\/chore-art.com\/home\/wp-json\/wp\/v2\/pages\/1193","targetHints":{"allow":["GET"]}}],"collection":[{"href":"http:\/\/chore-art.com\/home\/wp-json\/wp\/v2\/pages"}],"about":[{"href":"http:\/\/chore-art.com\/home\/wp-json\/wp\/v2\/types\/page"}],"author":[{"embeddable":true,"href":"http:\/\/chore-art.com\/home\/wp-json\/wp\/v2\/users\/1"}],"replies":[{"embeddable":true,"href":"http:\/\/chore-art.com\/home\/wp-json\/wp\/v2\/comments?post=1193"}],"version-history":[{"count":37,"href":"http:\/\/chore-art.com\/home\/wp-json\/wp\/v2\/pages\/1193\/revisions"}],"predecessor-version":[{"id":1861,"href":"http:\/\/chore-art.com\/home\/wp-json\/wp\/v2\/pages\/1193\/revisions\/1861"}],"wp:featuredmedia":[{"embeddable":true,"href":"http:\/\/chore-art.com\/home\/wp-json\/wp\/v2\/media\/25"}],"wp:attachment":[{"href":"http:\/\/chore-art.com\/home\/wp-json\/wp\/v2\/media?parent=1193"}],"curies":[{"name":"wp","href":"https:\/\/api.w.org\/{rel}","templated":true}]}}