{"id":1187,"date":"2020-09-06T17:35:07","date_gmt":"2020-09-06T17:35:07","guid":{"rendered":"http:\/\/chore-art.com\/home\/?page_id=1187"},"modified":"2026-03-16T20:08:20","modified_gmt":"2026-03-16T20:08:20","slug":"presentation","status":"publish","type":"page","link":"http:\/\/chore-art.com\/home\/presentation","title":{"rendered":"Pr\u00e9sentation"},"content":{"rendered":"<div class=\"fusion-fullwidth fullwidth-box fusion-builder-row-1 fusion-flex-container nonhundred-percent-fullwidth non-hundred-percent-height-scrolling\" style=\"background-color: rgba(255,255,255,0);background-position: center center;background-repeat: no-repeat;border-width: 0px 0px 0px 0px;border-color:#f7f7f7;border-style:solid;\" ><div class=\"fusion-builder-row fusion-row fusion-flex-align-items-flex-start\" style=\"max-width:calc( 1170px + 0px );margin-left: calc(-0px \/ 2 );margin-right: calc(-0px \/ 2 );\"><div class=\"fusion-layout-column fusion_builder_column fusion-builder-column-0 fusion_builder_column_1_1 1_1 fusion-flex-column\"><div class=\"fusion-column-wrapper fusion-flex-justify-content-flex-start fusion-content-layout-column\" style=\"background-position:left top;background-repeat:no-repeat;-webkit-background-size:cover;-moz-background-size:cover;-o-background-size:cover;background-size:cover;padding: 0px 0px 0px 0px;\"><div class=\"fusion-text fusion-text-1\"><p><span style=\"font-family: arial, helvetica, sans-serif;\">CHOR\u00c9-ART est une association \u00ab loi de 1901 \u00bb et a \u00e9t\u00e9 cr\u00e9\u00e9e \u00e0 St-Dizier en 1986 par Mme Fran\u00e7oise Marchand, actuelle Pr\u00e9sidente, dans le but de promouvoir la danse et l\u2019\u00e9ducation artistique \u00e0 travers :<\/span><\/p>\n<p>&nbsp;<\/p>\n<p><span style=\"font-family: arial, helvetica, sans-serif;\"><!-- \/wp:post-content --><\/span><\/p>\n<p><span style=\"font-family: arial, helvetica, sans-serif;\"><!-- wp:list --><\/span><\/p>\n<ul>\n<li><span style=\"font-family: arial, helvetica, sans-serif;\">La cr\u00e9ation de spectacles de danse et le d\u00e9veloppement de projets collaboratifs autour de la danse, de la musique et du th\u00e9\u00e2tre<\/span><\/li>\n<li><span style=\"font-family: arial, helvetica, sans-serif;\">L\u2019organisation de stage en partenariat avec des professeurs et chor\u00e9graphes venus de toute la France<\/span><\/li>\n<li><span style=\"font-family: arial, helvetica, sans-serif;\">La proposition de nouvelles pratiques ax\u00e9es \u00ab sport sant\u00e9 &#8211; bien-\u00eatre \u00bb via les cours de POSTURAL BALL dispens\u00e9s par Mme Anne Marchand-Chr\u00e9tien, professeur de l\u2019\u00e9cole de danse du m\u00eame nom et membre de l\u2019association<\/span><\/li>\n<\/ul>\n<p><span style=\"font-family: arial, helvetica, sans-serif;\"><!-- \/wp:list --><\/span><\/p>\n<p><span style=\"font-family: arial, helvetica, sans-serif;\"><!-- wp:paragraph --><\/span><\/p>\n<p><span style=\"font-family: arial, helvetica, sans-serif;\"><!-- \/wp:paragraph --><\/span><\/p>\n<p><span style=\"font-family: arial, helvetica, sans-serif;\"><!-- wp:paragraph --><\/span><\/p>\n<p>&nbsp;<\/p>\n<p><span style=\"font-family: arial, helvetica, sans-serif;\"><strong><u>Les informations cl\u00e9s<\/u><\/strong> :<\/span><\/p>\n<p><span style=\"font-family: arial, helvetica, sans-serif;\"><!-- \/wp:paragraph --><\/span><\/p>\n<p><span style=\"font-family: arial, helvetica, sans-serif;\"><!-- wp:paragraph --><\/span><\/p>\n<p><span style=\"font-family: arial, helvetica, sans-serif;\">Pr\u00e9sidente : Mme Fran\u00e7oise Marchand<\/span><\/p>\n<p><span style=\"font-family: arial, helvetica, sans-serif;\"><!-- \/wp:paragraph --><\/span><\/p>\n<p><span style=\"font-family: arial, helvetica, sans-serif;\"><!-- wp:paragraph --><\/span><\/p>\n<p><span style=\"font-family: arial, helvetica, sans-serif;\"><b>19 spectacles<\/b> in\u00e9dits cr\u00e9\u00e9s<\/span><\/p>\n<p><span style=\"font-family: arial, helvetica, sans-serif;\"><!-- \/wp:paragraph --><\/span><\/p>\n<p><span style=\"font-family: arial, helvetica, sans-serif;\"><!-- wp:paragraph --><\/span><\/p>\n<p><span style=\"font-family: arial, helvetica, sans-serif;\"><b>Des milliers<\/b> de costumes !<\/span><\/p>\n<p><span style=\"font-family: arial, helvetica, sans-serif;\"><!-- \/wp:paragraph --><\/span><\/p>\n<p><span style=\"font-family: arial, helvetica, sans-serif;\"><!-- wp:paragraph --><\/span><\/p>\n<p><span style=\"font-family: arial, helvetica, sans-serif;\"><b>3 stages en moyenne par an<\/b>, toutes disciplines confondues<\/span><\/p>\n<p><span style=\"font-family: arial, helvetica, sans-serif;\"><!-- \/wp:paragraph --><\/span><\/p>\n<p><span style=\"font-family: arial, helvetica, sans-serif;\"><!-- wp:paragraph --><\/span><\/p>\n<p><span style=\"font-family: arial, helvetica, sans-serif;\"><b>Une cinquantaine<\/b> de b\u00e9n\u00e9voles par spectacle<\/span><\/p>\n<p><!-- \/wp:paragraph --><\/p>\n<\/div><\/div><\/div><style type=\"text\/css\">.fusion-body .fusion-builder-column-0{width:100% !important;margin-top : 0px;margin-bottom : 0px;}.fusion-builder-column-0 > .fusion-column-wrapper {padding-top : 0px !important;padding-right : 0px !important;margin-right : 0px;padding-bottom : 0px !important;padding-left : 0px !important;margin-left : 0px;}@media only screen and (max-width:1000px) {.fusion-body .fusion-builder-column-0{width:100% !important;}.fusion-builder-column-0 > .fusion-column-wrapper {margin-right : 0px;margin-left : 0px;}}@media only screen and (max-width:640px) {.fusion-body .fusion-builder-column-0{width:100% !important;}.fusion-builder-column-0 > .fusion-column-wrapper {margin-right : 0px;margin-left : 0px;}}<\/style><\/div><style type=\"text\/css\">.fusion-body .fusion-flex-container.fusion-builder-row-1{ padding-top : 0px;margin-top : 0px;padding-right : 0px;padding-bottom : 0px;margin-bottom : 0px;padding-left : 0px;}<\/style><\/div>","protected":false},"excerpt":{"rendered":"","protected":false},"author":1,"featured_media":1371,"parent":0,"menu_order":0,"comment_status":"closed","ping_status":"closed","template":"","meta":{"footnotes":""},"class_list":["post-1187","page","type-page","status-publish","has-post-thumbnail","hentry"],"_links":{"self":[{"href":"http:\/\/chore-art.com\/home\/wp-json\/wp\/v2\/pages\/1187","targetHints":{"allow":["GET"]}}],"collection":[{"href":"http:\/\/chore-art.com\/home\/wp-json\/wp\/v2\/pages"}],"about":[{"href":"http:\/\/chore-art.com\/home\/wp-json\/wp\/v2\/types\/page"}],"author":[{"embeddable":true,"href":"http:\/\/chore-art.com\/home\/wp-json\/wp\/v2\/users\/1"}],"replies":[{"embeddable":true,"href":"http:\/\/chore-art.com\/home\/wp-json\/wp\/v2\/comments?post=1187"}],"version-history":[{"count":11,"href":"http:\/\/chore-art.com\/home\/wp-json\/wp\/v2\/pages\/1187\/revisions"}],"predecessor-version":[{"id":1857,"href":"http:\/\/chore-art.com\/home\/wp-json\/wp\/v2\/pages\/1187\/revisions\/1857"}],"wp:featuredmedia":[{"embeddable":true,"href":"http:\/\/chore-art.com\/home\/wp-json\/wp\/v2\/media\/1371"}],"wp:attachment":[{"href":"http:\/\/chore-art.com\/home\/wp-json\/wp\/v2\/media?parent=1187"}],"curies":[{"name":"wp","href":"https:\/\/api.w.org\/{rel}","templated":true}]}}